{"id":1077,"date":"2021-11-11T21:41:12","date_gmt":"2021-11-11T20:41:12","guid":{"rendered":"https:\/\/tyre-world.de\/?page_id=1077"},"modified":"2025-09-21T22:30:24","modified_gmt":"2025-09-21T20:30:24","slug":"agb","status":"publish","type":"page","link":"https:\/\/tyre-world.de\/fr\/agb\/","title":{"rendered":"AGB"},"content":{"rendered":"<div class=\"wpb-content-wrapper\"><p>[vc_row][vc_column][vc_empty_space height=\u00a0\u00bb80px\u00a0\u00bb][vc_row_inner][vc_column_inner][vc_column_text css=\u00a0\u00bb\u00a0\u00bb]<\/p>\n<h1>Allgemeine Gesch\u00e4ftsbedingungen<\/h1>\n<p><strong>Allgemeine Gesch\u00e4ftsbedingungen<\/strong>B. Fuhrmann\u00a0Einzelhandel GmbH \/ (Shopname: Tyre World)<\/p>\n<p>Brennaborstr.10 44149 Dortmund<br \/>\nE-Mail: info@fuhrmann-group.de<br \/>\nGesch\u00e4ftsf\u00fchrer Burkhard Fuhrmann<\/p>\n<p>Datenschutzbeauftragter: Vincent Fuhrmann<\/p>\n<p>&nbsp;<\/p>\n<p>Die B. Fuhrmann Einzelhandel GmbH bietet dem Besteller eine umfassende Informationsplattform \u00fcber PKW- und Leicht -LKW-Reifen vieler Hersteller an. Wir bieten die M\u00f6glichkeit die ausgesuchten Reifen hier in unserem Internetshop online zu bestellen und an eine ausgew\u00e4hlte Adresse zu versenden.<br \/>\nDie Firma B. Fuhrmann Einzelhandel GmbH f\u00fchrt Ihre Bestellung ausschlie\u00dflich auf der Grundlage der nachfolgenden Allgemeinen Gesch\u00e4ftsbedingungen (AGB) durch. Entgegenstehende Gesch\u00e4ftsbedingungen des Bestellers werden nicht anerkannt, ihnen wird ausdr\u00fccklich widersprochen. Es gelten die zum Zeitpunkt Ihrer Bestellung in unserem Dienst bereit gehaltenen Bedingungen. Wirksame Nebenabreden sind nicht getroffen. Die AGBs werden mit Empfang der Login-Daten und des Passwortes f\u00fcr den Tyre-World-Shop \u00fcbermittelt und akzeptiert.<\/p>\n<p><strong>1. Zustandekommen des Vertrages <\/strong><br \/>\nUnsere Angebote sind unverbindlich. Ihre Bestellung ist ein bindendes Angebot. Wir k\u00f6nnen dieses Angebot durch Auftragsbest\u00e4tigung oder aber durch Lieferung der Ware annehmen.<\/p>\n<p><strong>2. Preise, Zahlung, Lieferung <\/strong><br \/>\nAlle aufgef\u00fchrten Daten, Produktbezeichnungen und Preise dienen zur unverbindlichen Information, Irrt\u00fcmer bleiben vorbehalten. Die angezeigten Preise sind immer exklusive Mehrwertsteuer. F\u00fcr die Lieferung zu Ihnen, oder an eine Wunschadresse, berechnen wir Transportkosten. Diese entnehmen Sie unseren Frachtbedingungen unter www.tyre-world.de Die Bezahlung durch Senden von Bargeld oder Schecks ist leider nicht m\u00f6glich. Zahlungsbedingungen entnehmen Sie bitte immer dem Rechnungsformular. M\u00fcndliche Absprachen sind nicht zul\u00e4ssig.<br \/>\nKommen Sie aufgrund eines Mahnschreibens in Zahlungsverzug, so ist die B. Fuhrmann Einzelhandel GmbH berechtigt, Verzugszinsen in H\u00f6he von 5 Prozentpunkten \u00fcber dem von der Deutschen Bundesbank bekannt gegebenen Basiszinssatz zu fordern. Im Falle des Verzuges mit mehr als einer Verbindlichkeit sind unsere s\u00e4mtlichen Forderungen gegen den Besteller sofort zur Zahlung f\u00e4llig.<br \/>\nFalls der B. Fuhrmann Einzelhandel GmbH ein h\u00f6herer Verzugsschaden nachweisbar entstanden ist, ist die B. Fuhrmann Einzelhandel GmbH berechtigt, diesen Ihnen gegen\u00fcber geltend zu machen.<br \/>\nAngebot freibleibend, Irrt\u00fcmer und \u00c4nderungen vorbehalten. Konstruktions- und Profil\u00e4nderungen, die auf die Verbesserung der Technik bzw. auf Forderungen der Gesetzgebung zur\u00fcckzuf\u00fchren sind, bleiben w\u00e4hrend der Lieferung vorbehalten, sofern der Gegenstand nicht erheblich ge\u00e4ndert wird und die \u00c4nderung nicht Vorschriften der Stra\u00dfenverkehrszulassung zuwiderlaufen.<br \/>\nDie Lieferung erfolgt vorbehaltlich einer rechtzeitigen ausreichenden Selbstbelieferung. Die angezeigten Lieferzeiten sind unverbindlich und beruhen auf Herstellerangaben. Es handelt sich ausdr\u00fccklich nicht durch die B. Fuhrmann Einzelhandel GmbH garantierte Fixliefertermine. Verbindliche Zusagen k\u00f6nnen nicht erteilt werden. Die B. Fuhrmann Einzelhandel GmbH wird im Falle der Nichtverf\u00fcgbarkeit den Besteller informieren. In diesem Fall besteht ein R\u00fccktrittsrecht der B. Fuhrmann Einzelhandel GmbH.<br \/>\nEine Verpflichtung zur Einhaltung vereinbarter Lieferfristen wird nur unter der Voraussetzung eines ungest\u00f6rten Betriebsablaufs \u00fcbernommen; insbesondere F\u00e4lle von h\u00f6herer Gewalt und sonstige st\u00f6rende Ereignisse bei uns, unseren Lieferanten oder bei den Transportunternehmen, beispielsweise Betriebs- oder Verkehrsst\u00f6rungen, Feuer, \u00dcberschwemmungen, Arbeitskr\u00e4fte-, Energie- oder Rohstoffmangel, Streik, Aussperrung, beh\u00f6rdliche Ma\u00dfnahmen, entbinden uns von der rechtzeitigen Lieferung und geben uns au\u00dferdem das Recht, unsere Lieferungen ohne Schadensersatzgew\u00e4hrung und ohne Nachlieferpflicht einzustellen. Schadensersatzanspr\u00fcche aus Lieferungsverz\u00f6gerung oder Lieferungseinstellung sind, soweit sie nicht auf Vorsatz oder grober Fahrl\u00e4ssigkeit beruhen ausgeschlossen. Dem Besteller verbleibt das gesetzliche R\u00fccktrittsrecht.<br \/>\nWir behalten uns das Recht vor, Besteller die bereits einmal von einer Bestellung ohne Angaben von Gr\u00fcnden zur\u00fcckgetreten sind, nicht zu beliefern.<\/p>\n<p><strong>3. Gew\u00e4hrleistung und Haftung <\/strong><br \/>\nDie von uns zu erbringende Gew\u00e4hrleitung bezieht sich ausschlie\u00dflich auf den Kaufgegenstand. Die Gew\u00e4hrleitung f\u00fcr Reifen betr\u00e4gt 24 Monate. F\u00fcr Felgen 6 Monate. An Stelle eines mit nicht unerheblichem Mangel behafteten Reifens oder Felge wird Umtauschweise Ersatz zu dem am Tage der Ersatzlieferung f\u00fcr den Abnehmer g\u00fcltigen Preis zuz\u00fcglich Mehrwertsteuer geliefert. Auf diesen Preis zuz\u00fcglich Mehrwertsteuer gew\u00e4hren wir einen von uns nach billigem Ermessen festzustellenden prozentualen Nachlass, bei dem der Abnutzungsgrad des reklamierten Reifens (anhand der vorhandenen Restprofiltiefe) oder Felge ber\u00fccksichtigt wird. Es steht jedoch wahlweise das Recht zu, diesen Nachlass in bar oder durch Gutschrift in laufender Rechnung zu verg\u00fcten. Sofern nach unserer Entscheidung M\u00e4ngel durch Instandsetzung ordnungsgem\u00e4\u00df beseitigt werden k\u00f6nnen, erfolgt nach unserer Wahl Instandsetzung unter je nach Lage des Falles vollst\u00e4ndiger oder anteiliger \u00dcbernahme der daf\u00fcr entstandenen Kosten.<br \/>\nGew\u00e4hrleistungsanspr\u00fcche sind insbesondere dann ausgeschlossen, wenn die Reifen oder Felgen von anderen als uns repariert oder in sonstiger Weise bearbeitet wurden; wenn die Fabriknummer oder das Fabrikationszeichen nicht mehr vorhanden oder ver\u00e4ndert worden sind; wenn bei Reifen der notwendige, bzw. der vom jeweiligen Hersteller in der neuesten Fassung des technischen Ratgebers jeweils vorgeschriebene Luftdruck bzw. Pflegema\u00dfnahmen nicht eingehalten war; wenn der Reifen einer \u00fcberm\u00e4\u00dfigen, vorschriftswidrigen Beanspruchung ausgesetzt war, wie z. B. durch \u00dcberschreitung der f\u00fcr jede einzelne Reifengr\u00f6\u00dfe zul\u00e4ssigen Belastung und der daf\u00fcr jeweils zugeordneten Fahrgeschwindigkeit; der Reifen durch unrichtige Radstellung schadhaft wurde oder durch andere St\u00f6rungen im Radlauf (z. B. dynamische Unwucht) in seiner Leistung beeintr\u00e4chtigt wurde; der Reifen auf einer ihm nicht zugeordneten, nicht lehren haltigen, rostigen oder in sonstiger Weise mangelhaften Felge montiert war; der Reifen durch \u00e4u\u00dferer Einwirkung oder mechanische Verletzung schadhaft geworden oder \u00e4u\u00dferer Erhitzung ausgesetzt gewesen ist; nat\u00fcrlicher Verschlei\u00df oder Besch\u00e4digung vorliegen, die ganz auf unsachgem\u00e4\u00dfe Behandlung oder auf einen Unfall zur\u00fcckzuf\u00fchren sind.<br \/>\nFalsche Angaben im Onlineshops-System sind nicht als grob fahrl\u00e4ssig anzuerkennen.<br \/>\nEs ist allgemein bekannt, dass es nach dem derzeitigen Stand der Technik nicht m\u00f6glich ist, Computerprogramme (Software) und Datenverarbeitungsanlagen (Hardware) vollkommen fehlerfrei zu entwickeln und zu betreiben und s\u00e4mtliche Unw\u00e4gbarkeiten im Zusammenhang mit dem Medium Internet auszuschlie\u00dfen. Wir \u00fcbernehmen keine verschuldensunabh\u00e4ngige Haftung f\u00fcr Sch\u00e4den, die Nutzern oder Dritten aus der Nutzung als solcher unseres Systems entstehen.<\/p>\n<div class=\"x_elementToProof\"><b data-olk-copy-source=\"MessageBody\">4. R\u00fcckgaberecht<\/b><\/div>\n<div class=\"x_elementToProof\">Die unmittelbaren Kosten der R\u00fccksendung tr\u00e4gt der K\u00e4ufer. F\u00fcr eine Abholung innerhalb Deutschlands berechnen wir 18 \u20ac pro Paket. Zus\u00e4tzlich fallen 10 % Wiedereinlagerungskosten an.<br \/>\nWeitere Kosten f\u00fcr andere L\u00e4nder k\u00f6nnen Sie unter folgendem Link einsehen: <a id=\"OWAe5d80c35-45e5-8e01-64ac-85a55728f567\" class=\"x_OWAAutoLink\" title=\"https:\/\/help.tyre-world.de\/de\/-gebuehrenuebersicht-reifen\" href=\"https:\/\/help.tyre-world.de\/de\/-gebuehrenuebersicht-reifen\" target=\"_blank\" rel=\"noopener noreferrer\" data-linkindex=\"0\" data-end=\"535\" data-start=\"417\" data-auth=\"NotApplicable\">https:\/\/help.tyre-world.de\/de\/-gebuehrenuebersicht-reifen<\/a><\/div>\n<div><\/div>\n<div class=\"x_elementToProof\">Dies gilt nicht im Falle der Aus\u00fcbung des Eigentumsvorbehaltes. Daf\u00fcr gelten die besonderen Regelungen in Abschnitt 5. Montierte Ware, Stahl- und Alufelgen und extra f\u00fcr den K\u00e4ufer bestellte Ware wird nicht zur\u00fcckgenommen.Die R\u00fcckgabe von Demo-Waren ist grunds\u00e4tzlich ausgeschlossen. In Ausnahmef\u00e4llen kann eine R\u00fccknahme erfolgen, wobei 20 % vom Nettoeinstandspreis abgezogen werden.<\/div>\n<p><strong>5. Eigentumsvorbehalt <\/strong><br \/>\nWir behalten uns das Eigentum an s\u00e4mtlichen von uns gelieferten Waren vor, bis alle, auch die bedingt und k\u00fcnftig entstehenden Forderungen einschlie\u00dflich Nebenforderungen, die wir gegen den Besteller aus der jeweiligen Gesch\u00e4ftsbeziehung haben, bezahlt und die daf\u00fcr hergegebenen Wechsel und Schecks eingel\u00f6st sind. Barzahlungen, Scheckzahlungen und Bank\u00fcberweisungen, die gegen \u00dcbersendung eines von uns ausgestellten Eigenakzepts des Bestellers erfolgen, gelten erst dann als Erf\u00fcllung, wenn der Wechsel von dem Bezogenen eingel\u00f6st ist und wir somit aus der Wechselhaftung befreit sind.<br \/>\nVon einer Pf\u00e4ndung oder jeder anderweitigen Beeintr\u00e4chtigung unserer Eigentumsrechte durch Dritte hat uns der Besteller unverz\u00fcglich Mitteilung zu machen und unser Eigentumsrecht sowohl Dritten als auch uns gegen\u00fcber schriftlich zu best\u00e4tigen. Die Kosten einer Intervention durch Dritte tr\u00e4gt der Besteller.<\/p>\n<p>Eine Verpf\u00e4ndung oder Sicherungs\u00fcbereignung der unter Eigentumsvorbehalt gelieferten Waren ist dem Besteller untersagt.<br \/>\nW\u00e4hrend des bestehenden Eigentumsvorbehalts ist dem Besteller die Weiterver\u00e4u\u00dferung der gelieferten Sache im ordentlichen Gesch\u00e4ftsgang bis auf Widerruf gestattet. Die durch die Ver\u00e4u\u00dferung erlangten Forderungen tritt der Besteller zur Sicherung unserer Forderung schon jetzt an uns ab. Wir nehmen die Abtretung hiermit ausdr\u00fccklich an. Der Besteller ist zum Einzug dieser Forderungen berechtigt, solange wir diese Erm\u00e4chtigung nicht widerrufen haben. Das Recht zur Weiterver\u00e4u\u00dferung und zum Forderungseinzug werden wir nur widerrufen, wenn der Besteller seine vertraglichen Verpflichtungen nicht ordnungsgem\u00e4\u00df erf\u00fcllt oder bei Vorliegen eines wichtigen Grundes, insbesondere Zahlungsverzug, Er\u00f6ffnung eines Insolvenzverfahrens, drohende Zahlungsunf\u00e4higkeit oder \u00dcberschuldung des Bestellers. In diesem Fall und auch in sonstigen F\u00e4llen, in denen wir ein berechtigtes Interesse geltend machen, hat der Besteller uns die zur Geltendmachung unserer Rechte erforderlichen Ausk\u00fcnfte zu erteilen, insbesondere Name und Anschrift des Kunden sowie Forderungsh\u00f6he.<br \/>\nSoweit der realisierbare Wert aller Sicherungsrechte, die uns zustehen, die H\u00f6he aller gesicherten Anspr\u00fcche mehr als 10 % \u00fcbersteigt, werden wir auf Wunsch des Bestellers einen entsprechenden Teil der Sicherungsrechte nach unserer Wahl frei geben.<\/p>\n<p><strong>6. Urheberrechte <\/strong><br \/>\nAlle Rechte vorbehalten. Text, Bilder, Sound, Grafiken, Animationen und Videos sowie deren Anordnung auf unseren Websites unterliegen dem Schutz des Urheberrechts und anderer Schutzgesetze. Der Inhalt dieser Websites darf nicht zu kommerziellen Zwecken kopiert, verbreitet, ver\u00e4ndert oder Dritten zug\u00e4nglich gemacht werden unterliegen<\/p>\n<p><strong>7. Gerichtsstand <\/strong><br \/>\nErf\u00fcllungsort f\u00fcr die Zahlung ist Dortmund. Gerichtsstand f\u00fcr alle Anspr\u00fcche aus den Gesch\u00e4ftsverbindungen, insbesondere aus unseren Lieferungen, ist Dortmund, auch wenn Verk\u00e4ufe oder Lieferungen von einer Niederlassung vorgenommen worden sind. F\u00fcr Zahlungsangelegenheiten ist der Gerichtsstand Dortmund. Der Besteller kann auch an seinem Sitz verklagt werden. Dieser Gerichtsstand gilt auch f\u00fcr Streitigkeiten \u00fcber die Entstehung und Wirksamkeit des Vertragsverh\u00e4ltnisses.<\/p>\n<p><strong>8. Salvatorische Klausel <\/strong><br \/>\nSollten einzelne Bestimmungen des Vertrages mit dem Besteller einschlie\u00dflich dieser Allgemeinen Gesch\u00e4ftsbedingungen ganz oder teilweise unwirksam sein oder werden, so wird hierdurch die G\u00fcltigkeit der \u00fcbrigen Bestimmungen nicht ber\u00fchrt. Die ganze oder teilweise unwirksame Regelung soll durch eine Regelung ersetzt werden, deren wirtschaftlicher Erfolg dem der unwirksamen m\u00f6glichst nahe kommt.[\/vc_column_text][\/vc_column_inner][\/vc_row_inner][vc_empty_space height=\u00a0\u00bb80px\u00a0\u00bb][\/vc_column][\/vc_row]<\/p>\n<\/div>","protected":false},"excerpt":{"rendered":"<p>[vc_row][vc_column][vc_empty_space height=\u00a0\u00bb80px\u00a0\u00bb][vc_row_inner][vc_column_inner][vc_column_text css=\u00a0\u00bb\u00a0\u00bb] Allgemeine Gesch\u00e4ftsbedingungen Allgemeine Gesch\u00e4ftsbedingungenB. Fuhrmann\u00a0Einzelhandel GmbH \/ (Shopname: Tyre World) Brennaborstr.10 44149 Dortmund E-Mail: info@fuhrmann-group.de Gesch\u00e4ftsf\u00fchrer Burkhard Fuhrmann Datenschutzbeauftragter: Vincent Fuhrmann &nbsp; Die B. Fuhrmann Einzelhandel GmbH bietet dem Besteller eine umfassende Informationsplattform \u00fcber PKW- und Leicht -LKW-Reifen vieler Hersteller an. Wir bieten die M\u00f6glichkeit die ausgesuchten Reifen hier in unserem Internetshop [&hellip;]<\/p>\n","protected":false},"author":1,"featured_media":0,"parent":0,"menu_order":0,"comment_status":"closed","ping_status":"closed","template":"","meta":{"_acf_changed":false,"inline_featured_image":false,"footnotes":""},"class_list":["post-1077","page","type-page","status-publish","hentry"],"acf":[],"yoast_head":"<!-- This site is optimized with the Yoast SEO plugin v26.9 - https:\/\/yoast.com\/product\/yoast-seo-wordpress\/ -->\n<title>AGB - Tyreworld<\/title>\n<meta name=\"robots\" content=\"index, follow, max-snippet:-1, max-image-preview:large, max-video-preview:-1\" \/>\n<link rel=\"canonical\" href=\"https:\/\/tyre-world.de\/fr\/agb\/\" \/>\n<meta property=\"og:locale\" content=\"fr_FR\" \/>\n<meta property=\"og:type\" content=\"article\" \/>\n<meta property=\"og:title\" content=\"AGB - Tyreworld\" \/>\n<meta property=\"og:description\" content=\"[vc_row][vc_column][vc_empty_space height=\u00a0\u00bb80px\u00a0\u00bb][vc_row_inner][vc_column_inner][vc_column_text css=\u00a0\u00bb\u00a0\u00bb] Allgemeine Gesch\u00e4ftsbedingungen Allgemeine Gesch\u00e4ftsbedingungenB. Fuhrmann\u00a0Einzelhandel GmbH \/ (Shopname: Tyre World) Brennaborstr.10 44149 Dortmund E-Mail: info@fuhrmann-group.de Gesch\u00e4ftsf\u00fchrer Burkhard Fuhrmann Datenschutzbeauftragter: Vincent Fuhrmann &nbsp; Die B. Fuhrmann Einzelhandel GmbH bietet dem Besteller eine umfassende Informationsplattform \u00fcber PKW- und Leicht -LKW-Reifen vieler Hersteller an. Wir bieten die M\u00f6glichkeit die ausgesuchten Reifen hier in unserem Internetshop [&hellip;]\" \/>\n<meta property=\"og:url\" content=\"https:\/\/tyre-world.de\/fr\/agb\/\" \/>\n<meta property=\"og:site_name\" content=\"Tyreworld\" \/>\n<meta property=\"article:modified_time\" content=\"2025-09-21T20:30:24+00:00\" \/>\n<meta name=\"twitter:card\" content=\"summary_large_image\" \/>\n<meta name=\"twitter:label1\" content=\"Dur\u00e9e de lecture estim\u00e9e\" \/>\n\t<meta name=\"twitter:data1\" content=\"8 minutes\" \/>\n<script type=\"application\/ld+json\" class=\"yoast-schema-graph\">{\"@context\":\"https:\/\/schema.org\",\"@graph\":[{\"@type\":\"WebPage\",\"@id\":\"https:\/\/tyre-world.de\/fr\/agb\/\",\"url\":\"https:\/\/tyre-world.de\/fr\/agb\/\",\"name\":\"AGB - Tyreworld\",\"isPartOf\":{\"@id\":\"https:\/\/tyre-world.de\/#website\"},\"datePublished\":\"2021-11-11T20:41:12+00:00\",\"dateModified\":\"2025-09-21T20:30:24+00:00\",\"breadcrumb\":{\"@id\":\"https:\/\/tyre-world.de\/fr\/agb\/#breadcrumb\"},\"inLanguage\":\"fr-FR\",\"potentialAction\":[{\"@type\":\"ReadAction\",\"target\":[\"https:\/\/tyre-world.de\/fr\/agb\/\"]}]},{\"@type\":\"BreadcrumbList\",\"@id\":\"https:\/\/tyre-world.de\/fr\/agb\/#breadcrumb\",\"itemListElement\":[{\"@type\":\"ListItem\",\"position\":1,\"name\":\"Startseite\",\"item\":\"https:\/\/tyre-world.de\/fr\/\"},{\"@type\":\"ListItem\",\"position\":2,\"name\":\"AGB\"}]},{\"@type\":\"WebSite\",\"@id\":\"https:\/\/tyre-world.de\/#website\",\"url\":\"https:\/\/tyre-world.de\/\",\"name\":\"Tyreworld\",\"description\":\"\",\"publisher\":{\"@id\":\"https:\/\/tyre-world.de\/#organization\"},\"potentialAction\":[{\"@type\":\"SearchAction\",\"target\":{\"@type\":\"EntryPoint\",\"urlTemplate\":\"https:\/\/tyre-world.de\/?s={search_term_string}\"},\"query-input\":{\"@type\":\"PropertyValueSpecification\",\"valueRequired\":true,\"valueName\":\"search_term_string\"}}],\"inLanguage\":\"fr-FR\"},{\"@type\":\"Organization\",\"@id\":\"https:\/\/tyre-world.de\/#organization\",\"name\":\"Tyreworld\",\"url\":\"https:\/\/tyre-world.de\/\",\"logo\":{\"@type\":\"ImageObject\",\"inLanguage\":\"fr-FR\",\"@id\":\"https:\/\/tyre-world.de\/#\/schema\/logo\/image\/\",\"url\":\"https:\/\/tyre-world.de\/wp-content\/uploads\/2022\/07\/cropped-cropped-TW-Logo-png.png\",\"contentUrl\":\"https:\/\/tyre-world.de\/wp-content\/uploads\/2022\/07\/cropped-cropped-TW-Logo-png.png\",\"width\":443,\"height\":64,\"caption\":\"Tyreworld\"},\"image\":{\"@id\":\"https:\/\/tyre-world.de\/#\/schema\/logo\/image\/\"}}]}<\/script>\n<!-- \/ Yoast SEO plugin. -->","yoast_head_json":{"title":"AGB - Tyreworld","robots":{"index":"index","follow":"follow","max-snippet":"max-snippet:-1","max-image-preview":"max-image-preview:large","max-video-preview":"max-video-preview:-1"},"canonical":"https:\/\/tyre-world.de\/fr\/agb\/","og_locale":"fr_FR","og_type":"article","og_title":"AGB - Tyreworld","og_description":"[vc_row][vc_column][vc_empty_space height=\u00a0\u00bb80px\u00a0\u00bb][vc_row_inner][vc_column_inner][vc_column_text css=\u00a0\u00bb\u00a0\u00bb] Allgemeine Gesch\u00e4ftsbedingungen Allgemeine Gesch\u00e4ftsbedingungenB. Fuhrmann\u00a0Einzelhandel GmbH \/ (Shopname: Tyre World) Brennaborstr.10 44149 Dortmund E-Mail: info@fuhrmann-group.de Gesch\u00e4ftsf\u00fchrer Burkhard Fuhrmann Datenschutzbeauftragter: Vincent Fuhrmann &nbsp; Die B. Fuhrmann Einzelhandel GmbH bietet dem Besteller eine umfassende Informationsplattform \u00fcber PKW- und Leicht -LKW-Reifen vieler Hersteller an. Wir bieten die M\u00f6glichkeit die ausgesuchten Reifen hier in unserem Internetshop [&hellip;]","og_url":"https:\/\/tyre-world.de\/fr\/agb\/","og_site_name":"Tyreworld","article_modified_time":"2025-09-21T20:30:24+00:00","twitter_card":"summary_large_image","twitter_misc":{"Dur\u00e9e de lecture estim\u00e9e":"8 minutes"},"schema":{"@context":"https:\/\/schema.org","@graph":[{"@type":"WebPage","@id":"https:\/\/tyre-world.de\/fr\/agb\/","url":"https:\/\/tyre-world.de\/fr\/agb\/","name":"AGB - Tyreworld","isPartOf":{"@id":"https:\/\/tyre-world.de\/#website"},"datePublished":"2021-11-11T20:41:12+00:00","dateModified":"2025-09-21T20:30:24+00:00","breadcrumb":{"@id":"https:\/\/tyre-world.de\/fr\/agb\/#breadcrumb"},"inLanguage":"fr-FR","potentialAction":[{"@type":"ReadAction","target":["https:\/\/tyre-world.de\/fr\/agb\/"]}]},{"@type":"BreadcrumbList","@id":"https:\/\/tyre-world.de\/fr\/agb\/#breadcrumb","itemListElement":[{"@type":"ListItem","position":1,"name":"Startseite","item":"https:\/\/tyre-world.de\/fr\/"},{"@type":"ListItem","position":2,"name":"AGB"}]},{"@type":"WebSite","@id":"https:\/\/tyre-world.de\/#website","url":"https:\/\/tyre-world.de\/","name":"Tyreworld","description":"","publisher":{"@id":"https:\/\/tyre-world.de\/#organization"},"potentialAction":[{"@type":"SearchAction","target":{"@type":"EntryPoint","urlTemplate":"https:\/\/tyre-world.de\/?s={search_term_string}"},"query-input":{"@type":"PropertyValueSpecification","valueRequired":true,"valueName":"search_term_string"}}],"inLanguage":"fr-FR"},{"@type":"Organization","@id":"https:\/\/tyre-world.de\/#organization","name":"Tyreworld","url":"https:\/\/tyre-world.de\/","logo":{"@type":"ImageObject","inLanguage":"fr-FR","@id":"https:\/\/tyre-world.de\/#\/schema\/logo\/image\/","url":"https:\/\/tyre-world.de\/wp-content\/uploads\/2022\/07\/cropped-cropped-TW-Logo-png.png","contentUrl":"https:\/\/tyre-world.de\/wp-content\/uploads\/2022\/07\/cropped-cropped-TW-Logo-png.png","width":443,"height":64,"caption":"Tyreworld"},"image":{"@id":"https:\/\/tyre-world.de\/#\/schema\/logo\/image\/"}}]}},"_links":{"self":[{"href":"https:\/\/tyre-world.de\/fr\/wp-json\/wp\/v2\/pages\/1077","targetHints":{"allow":["GET"]}}],"collection":[{"href":"https:\/\/tyre-world.de\/fr\/wp-json\/wp\/v2\/pages"}],"about":[{"href":"https:\/\/tyre-world.de\/fr\/wp-json\/wp\/v2\/types\/page"}],"author":[{"embeddable":true,"href":"https:\/\/tyre-world.de\/fr\/wp-json\/wp\/v2\/users\/1"}],"replies":[{"embeddable":true,"href":"https:\/\/tyre-world.de\/fr\/wp-json\/wp\/v2\/comments?post=1077"}],"version-history":[{"count":2,"href":"https:\/\/tyre-world.de\/fr\/wp-json\/wp\/v2\/pages\/1077\/revisions"}],"predecessor-version":[{"id":1827,"href":"https:\/\/tyre-world.de\/fr\/wp-json\/wp\/v2\/pages\/1077\/revisions\/1827"}],"wp:attachment":[{"href":"https:\/\/tyre-world.de\/fr\/wp-json\/wp\/v2\/media?parent=1077"}],"curies":[{"name":"wp","href":"https:\/\/api.w.org\/{rel}","templated":true}]}}