{"id":1085,"date":"2021-11-05T15:07:46","date_gmt":"2021-11-05T14:07:46","guid":{"rendered":"https:\/\/tyre-world.de\/?page_id=1085"},"modified":"2023-04-18T11:29:22","modified_gmt":"2023-04-18T09:29:22","slug":"accueil","status":"publish","type":"page","link":"https:\/\/tyre-world.de\/fr\/","title":{"rendered":"Accueil"},"content":{"rendered":"<div class=\"wpb-content-wrapper\"><p>[vc_row full_width=\u00a0\u00bbstretch_row\u00a0\u00bb][vc_column][vc_empty_space height=\u00a0\u00bb80px\u00a0\u00bb][vc_row_inner equal_height=\u00a0\u00bbyes\u00a0\u00bb][vc_column_inner width=\u00a0\u00bb1\/2&Prime;][vc_column_text css=\u00a0\u00bb.vc_custom_1649326697626{padding-right: 30px !important;padding-left: 30px !important;}\u00a0\u00bb el_class=\u00a0\u00bbtextright\u00a0\u00bb]<\/p>\n<h4 class=\"headline headline-sub\">Vos b\u00e9n\u00e9fices<\/h4>\n<ul>\n<li>un stock de pneus d&rsquo;environ 100 000 pneus<\/li>\n<li>diff\u00e9rentes marques disponibles imm\u00e9diatement<\/li>\n<li>temps de r\u00e9action rapide aux demandes<\/li>\n<li>bonne accessibilit\u00e9 gr\u00e2ce \u00e0 la liaison autorouti\u00e8re<\/li>\n<\/ul>\n<p>Le commerce de gros de Dortmund est facilement accessible gr\u00e2ce \u00e0 sa situation centrale et \u00e0 l&rsquo;acc\u00e8s aux autoroutes A40 et A45. Les commandes peuvent \u00eatre exp\u00e9di\u00e9es rapidement gr\u00e2ce \u00e0 notre niveau de stock \u00e9lev\u00e9 et aux bonnes liaisons de transport. Le personnel de notre entrep\u00f4t travaille \u00e0 plein r\u00e9gime sur les commandes afin de garantir des d\u00e9lais de livraison rapides. [\/vc_column_text][\/vc_column_inner][vc_column_inner width=\u00a0\u00bb1\/2&Prime;][vc_gmaps link=\u00a0\u00bb#E-8_JTNDaWZyYW1lJTIwc3JjJTNEJTIyaHR0cHMlM0ElMkYlMkZ3d3cuZ29vZ2xlLmNvbSUyRm1hcHMlMkZlbWJlZCUzRnBiJTNEJTIxMW0xOCUyMTFtMTIlMjExbTMlMjExZDI5NTMuOTU0ODU5MjQxNTU3JTIxMmQ3LjM3OTA2MjI2NDU1MTQ2NSUyMTNkNTEuNDk1NDE3MDU2NjUyNTMlMjEybTMlMjExZjAlMjEyZjAlMjEzZjAlMjEzbTIlMjExaTEwMjQlMjEyaTc2OCUyMTRmMTMuMSUyMTNtMyUyMTFtMiUyMTFzMHg0N2I5MTkyMDBiMzMxZGU1JTI1M0EweDE5YjYxMzllYzIxOTU2ZTklMjEyc0Jvc2NoJTI1MjAlMjUyNiUyNTIwUHJlbWlvJTI1MjBEb3J0bXVuZCUyNTIwSW5kdXBhcmslMjE1ZTAlMjEzbTIlMjExc2RlJTIxMnNkZSUyMTR2MTYzOTM5NzA5NTY3MyUyMTVtMiUyMTFzZGUlMjEyc2RlJTIyJTIwd2lkdGglM0QlMjI2MDAlMjIlMjBoZWlnaHQlM0QlMjI0NTAlMjIlMjBzdHlsZSUzRCUyMmJvcmRlciUzQTAlM0IlMjIlMjBhbGxvd2Z1bGxzY3JlZW4lM0QlMjIlMjIlMjBsb2FkaW5nJTNEJTIybGF6eSUyMiUzRSUzQyUyRmlmcmFtZSUzRQ==\u00a0\u00bb][\/vc_column_inner][\/vc_row_inner][vc_empty_space height=\u00a0\u00bb40px\u00a0\u00bb][\/vc_column][\/vc_row][vc_row full_width=\u00a0\u00bbstretch_row\u00a0\u00bb css=\u00a0\u00bb.vc_custom_1645173483649{background-color: #f2f2f2 !important;}\u00a0\u00bb][vc_column][vc_empty_space height=\u00a0\u00bb40px\u00a0\u00bb][vc_row_inner][vc_column_inner width=\u00a0\u00bb1\/2&Prime;][vc_column_text]<\/p>\n<h4 class=\"headline headline-sub\">Vos b\u00e9n\u00e9fices<\/h4>\n<p><strong>Vos avantages en utilisant notre boutique:<\/strong>[\/vc_column_text][vc_raw_html]JTNDZGl2JTIwY2xhc3MlM0QlMjJ2aXMtYWNjb3JkaW9uX2l0ZW0lMjBvcGVuJTIyJTNFJTBBJTIwJTIwJTIwJTIwJTNDZGl2JTIwY2xhc3MlM0QlMjJ2aXMtYWNjb3JkaW9uX2hlYWQlMjIlM0UlMEElMjAlMjAlMjAlMjAlMjAlMjAlMjAlMjAlM0NoNCUzRUZhY3R1cmF0aW9uJTIwY2VudHJhbGlzJUMzJUE5ZSUzQyUyRmg0JTNFJTBBJTIwJTIwJTIwJTIwJTNDJTJGZGl2JTNFJTBBJTIwJTIwJTIwJTIwJTNDZGl2JTIwY2xhc3MlM0QlMjJ2aXMtYWNjb3JkaW9uX2NvbnRlbnQlMjIlM0UlMEElMjAlMjAlMjAlMjAlMjAlMjAlMjAlMjAlM0NwJTNFTGVzJTIwcGFpZW1lbnRzJTIwc29udCUyMHRvdWpvdXJzJTIwZ2FyYW50aXMlMjBnciVDMyVBMmNlJTIwJUMzJUEwJTIwbm90cmUlMjBmYWN0dXJhdGlvbiUyMGNlbnRyYWxlJTIwZXQlMjAlQzMlQTAlMjB1biUyMG1hbmRhdCUyMGIyYi4lM0MlMkZwJTNFJTBBJTIwJTIwJTIwJTIwJTNDJTJGZGl2JTNFJTBBJTNDJTJGZGl2JTNFJTBBJTNDZGl2JTIwY2xhc3MlM0QlMjJ2aXMtYWNjb3JkaW9uX2l0ZW0lMjIlM0UlMEElMjAlMjAlMjAlMjAlM0NkaXYlMjBjbGFzcyUzRCUyMnZpcy1hY2NvcmRpb25faGVhZCUyMiUzRSUwQSUyMCUyMCUyMCUyMCUyMCUyMCUyMCUyMCUzQ2g0JTNFVW5lJTIwJUMzJUE5cXVpcGUlMjBkJTI3YXNzaXN0YW5jZSUyMGRpcmVjdGVtZW50JTIwZGlzcG9uaWJsZSUzQyUyRmg0JTNFJTBBJTIwJTIwJTIwJTIwJTNDJTJGZGl2JTNFJTBBJTIwJTIwJTIwJTIwJTNDZGl2JTIwY2xhc3MlM0QlMjJ2aXMtYWNjb3JkaW9uX2NvbnRlbnQlMjIlM0UlMEElMjAlMjAlMjAlMjAlMjAlMjAlMjAlMjAlM0NwJTNFR3IlQzMlQTJjZSUyMCVDMyVBMCUyMG5vdHJlJTIwJUMzJUE5cXVpcGUlMjBkZSUyMHNlcnZpY2UlMkMlMjBkaXNwb25pYmxlJTIwZW50cmUlMjA4JTIwaCUyMGV0JTIwMTclMjBoJTIwZHUlMjBsdW5kaSUyMGF1JTIwdmVuZHJlZGklMkMlMjB2b3MlMjBwciVDMyVBOW9jY3VwYXRpb25zJTIwcGV1dmVudCUyMCVDMyVBQXRyZSUyMHRyYWl0JUMzJUE5ZXMlMjBkYW5zJTIwbGVzJTIwcGx1cyUyMGJyZWZzJTIwZCVDMyVBOWxhaXMuJTNDJTJGcCUzRSUwQSUyMCUyMCUyMCUyMCUzQyUyRmRpdiUzRSUwQSUzQyUyRmRpdiUzRSUwQSUzQ2RpdiUyMGNsYXNzJTNEJTIydmlzLWFjY29yZGlvbl9pdGVtJTIyJTNFJTBBJTIwJTIwJTIwJTIwJTNDZGl2JTIwY2xhc3MlM0QlMjJ2aXMtYWNjb3JkaW9uX2hlYWQlMjIlM0UlMEElMjAlMjAlMjAlMjAlMjAlMjAlMjAlMjAlM0NoNCUzRVBhcyUyMGRlJTIwZnJhaXMlMjBkZSUyMHZlbnRlJTIwc3VwcGwlQzMlQTltZW50YWlyZXMlMjBwb3VyJTIwbGVzJTIwcG9ydGFpbHMlM0MlMkZoNCUzRSUwQSUyMCUyMCUyMCUyMCUzQyUyRmRpdiUzRSUwQSUyMCUyMCUyMCUyMCUzQ2RpdiUyMGNsYXNzJTNEJTIydmlzLWFjY29yZGlvbl9jb250ZW50JTIyJTNFJTBBJTIwJTIwJTIwJTIwJTIwJTIwJTIwJTIwJTNDcCUzRUdyJUMzJUEyY2UlMjAlQzMlQTAlMjBub3RyZSUyMHByb3ByZSUyMG1hZ2FzaW4lMkMlMjB2b3VzJTIwcG91dmV6JTIwY29tbWFuZGVyJTIwZGVzJTIwcG5ldXMlMjBzYW5zJTIwc3VwcGwlQzMlQTltZW50JTIwZGUlMjBwcml4JTIwc3VyJTIwdG91cyUyMGxlcyUyMHBvcnRhaWxzLiUyMCUzQyUyRnAlM0UlMEElMjAlMjAlMjAlMjAlM0MlMkZkaXYlM0UlMEElM0MlMkZkaXYlM0UlMEElM0NkaXYlMjBjbGFzcyUzRCUyMnZpcy1hY2NvcmRpb25faXRlbSUyMiUzRSUwQSUyMCUyMCUyMCUyMCUzQ2RpdiUyMGNsYXNzJTNEJTIydmlzLWFjY29yZGlvbl9oZWFkJTIyJTNFJTBBJTIwJTIwJTIwJTIwJTIwJTIwJTIwJTIwJTNDaDQlM0VJbm5vdmF0aW9uJTNDJTJGaDQlM0UlMEElMjAlMjAlMjAlMjAlM0MlMkZkaXYlM0UlMEElMjAlMjAlMjAlMjAlM0NkaXYlMjBjbGFzcyUzRCUyMnZpcy1hY2NvcmRpb25fY29udGVudCUyMiUzRSUwQSUyMCUyMCUyMCUyMCUyMCUyMCUyMCUyMCUzQ3AlM0VFbiUyMGF1dG9tYXRpc2FudCUyMGxhJTIwdHJhbnNtaXNzaW9uJTIwZGVzJTIwZW52b2lzJTJDJTIwbm91cyUyMHBvdXZvbnMlMjBnYXJhbnRpciUyMHVuJTIwcHJvY2Vzc3VzJTIwZGUlMjBjb21tYW5kZSUyMHBsdXMlMjBmbHVpZGUuJTIwJTNDJTJGcCUzRSUwQSUyMCUyMCUyMCUyMCUzQyUyRmRpdiUzRSUwQSUzQyUyRmRpdiUzRQ==[\/vc_raw_html][\/vc_column_inner][vc_column_inner width=\u00a0\u00bb1\/2&Prime;][vc_raw_html el_class=\u00a0\u00bbvis-flex\u00a0\u00bb]JTNDZGl2JTIwY2xhc3MlM0QlMjJ2aXMtaWNvbmJveCUyMiUzRSUwQSUyMCUyMCUyMCUyMCUzQ2RpdiUyMGNsYXNzJTNEJTIydmlzLWljb25ib3hfaW5uZXIlMjIlM0UlMEElMjAlMjAlMjAlMjAlMjAlMjAlMjAlMjAlM0NpJTIwY2xhc3MlM0QlMjJmYS1zb2xpZCUyMGZhLWZpbGUtaW52b2ljZS1kb2xsYXIlMjIlM0UlM0MlMkZpJTNFJTBBJTIwJTIwJTIwJTIwJTIwJTIwJTIwJTIwJTNDc3BhbiUzRUZhY3R1cmF0aW9uJTIwY2VudHJhbGlzJUMzJUE5ZSUzQyUyRnNwYW4lM0UlMEElMjAlMjAlMjAlMjAlM0MlMkZkaXYlM0UlMEElM0MlMkZkaXYlM0UlMEElM0NkaXYlMjBjbGFzcyUzRCUyMnZpcy1pY29uYm94JTIyJTNFJTBBJTIwJTIwJTIwJTIwJTNDZGl2JTIwY2xhc3MlM0QlMjJ2aXMtaWNvbmJveF9pbm5lciUyMiUzRSUwQSUyMCUyMCUyMCUyMCUyMCUyMCUyMCUyMCUzQ2klMjBjbGFzcyUzRCUyMmZhLXNvbGlkJTIwZmEtaGVhZHNldCUyMiUzRSUzQyUyRmklM0UlMEElMjAlMjAlMjAlMjAlMjAlMjAlMjAlMjAlM0NzcGFuJTNFJUMzJTg5cXVpcGUlMjBkJTI3YXNzaXN0YW5jZSUzQyUyRnNwYW4lM0UlMEElMjAlMjAlMjAlMjAlM0MlMkZkaXYlM0UlMEElM0MlMkZkaXYlM0UlMEElM0NkaXYlMjBjbGFzcyUzRCUyMnZpcy1pY29uYm94JTIyJTNFJTBBJTIwJTIwJTIwJTIwJTNDZGl2JTIwY2xhc3MlM0QlMjJ2aXMtaWNvbmJveF9pbm5lciUyMiUzRSUwQSUyMCUyMCUyMCUyMCUyMCUyMCUyMCUyMCUzQ2klMjBjbGFzcyUzRCUyMmZhLWJyYW5kcyUyMGZhLWNyZWF0aXZlLWNvbW1vbnMtbmMtZXUlMjIlM0UlM0MlMkZpJTNFJTBBJTIwJTIwJTIwJTIwJTIwJTIwJTIwJTIwJTNDc3BhbiUzRVBhcyUyMGRlJTIwbWFqb3JhdGlvbiUyMGRlcyUyMHZlbnRlcyUzQyUyRnNwYW4lM0UlMEElMjAlMjAlMjAlMjAlM0MlMkZkaXYlM0UlMEElM0MlMkZkaXYlM0UlMEElM0NkaXYlMjBjbGFzcyUzRCUyMnZpcy1pY29uYm94JTIyJTNFJTBBJTIwJTIwJTIwJTIwJTNDZGl2JTIwY2xhc3MlM0QlMjJ2aXMtaWNvbmJveF9pbm5lciUyMiUzRSUwQSUyMCUyMCUyMCUyMCUyMCUyMCUyMCUyMCUzQ2klMjBjbGFzcyUzRCUyMmZhLXNvbGlkJTIwZmEtZ2VhcnMlMjIlM0UlM0MlMkZpJTNFJTBBJTIwJTIwJTIwJTIwJTIwJTIwJTIwJTIwJTNDc3BhbiUzRUlubm92YXRpb24lM0MlMkZzcGFuJTNFJTBBJTIwJTIwJTIwJTIwJTNDJTJGZGl2JTNFJTBBJTNDJTJGZGl2JTNF[\/vc_raw_html][\/vc_column_inner][\/vc_row_inner][vc_empty_space height=\u00a0\u00bb30px\u00a0\u00bb][\/vc_column][\/vc_row][vc_row full_width=\u00a0\u00bbstretch_row\u00a0\u00bb css=\u00a0\u00bb.vc_custom_1639394385190{background-color: #ffffff !important;}\u00a0\u00bb][vc_column][vc_empty_space height=\u00a0\u00bb40px\u00a0\u00bb][vc_row_inner equal_height=\u00a0\u00bbyes\u00a0\u00bb][vc_column_inner width=\u00a0\u00bb1\/2&Prime;][vc_video link=\u00a0\u00bbhttps:\/\/www.youtube.com\/watch?v=hyT6H44ft7s\u00a0\u00bb][\/vc_column_inner][vc_column_inner width=\u00a0\u00bb1\/2&Prime;][vc_column_text css=\u00a0\u00bb.vc_custom_1649329950423{padding-right: 30px !important;padding-left: 30px !important;}\u00a0\u00bb el_class=\u00a0\u00bbtextright\u00a0\u00bb]<\/p>\n<h4 class=\"headline headline-sub\">Vos b\u00e9n\u00e9fices<\/h4>\n<ul>\n<li>une disponibilit\u00e9 accrue, m\u00eame pour les produits non standard<\/li>\n<li>un service client\u00e8le qui prend en charge tous les probl\u00e8mes d&rsquo;exp\u00e9dition<\/li>\n<li>mandat b2b<\/li>\n<\/ul>\n<p><strong>Comment puis-je b\u00e9n\u00e9ficier de ces avantages?<\/strong><\/p>\n<p>Tyreworld reprend votre stock dans sa boutique en ligne, nos clients commandent donc vos pneus, qui sont ensuite livr\u00e9s par vous directement \u00e0 notre client. De cette mani\u00e8re, il est possible pour les deux parties d&rsquo;augmenter les ventes en \u00e9largissant leur base de clients. Vous pouvez \u00e9galement \u00e9tendre votre port\u00e9e et votre client\u00e8le gr\u00e2ce \u00e0 Tyreworld. [\/vc_column_text][\/vc_column_inner][\/vc_row_inner][vc_empty_space height=\u00a0\u00bb40px\u00a0\u00bb][\/vc_column][\/vc_row][vc_row full_width=\u00a0\u00bbstretch_row\u00a0\u00bb disable_element=\u00a0\u00bbyes\u00a0\u00bb css=\u00a0\u00bb.vc_custom_1639078305605{background-image: url(https:\/\/tyre-world.de\/wp-content\/uploads\/2021\/11\/tyre_cta_01.jpg?id=130) !important;background-position: center !important;background-repeat: no-repeat !important;background-size: cover !important;}\u00a0\u00bb][vc_column][vc_empty_space height=\u00a0\u00bb130px\u00a0\u00bb][vc_row_inner][vc_column_inner width=\u00a0\u00bb1\/2&Prime;][vc_column_text]<\/p>\n<h3 class=\"headline headline-1\" style=\"color: #ffffff;\">Lorem ipsum<br \/>\ndolor sit amet<\/h3>\n<p><span class=\"small\" style=\"color: #ffffff;\">Lorem ipsum dolor sit amet, consetetur sadipscing elitr, sed diam nonumy eirmod tempor invidunt ut labore et dolore magna aliquyam erat, sed diam voluptua. At vero eos et accusam et justo duo dolores et ea rebum. Stet clita kasd gubergren, no sea takimata sanctuasdasdasdass est Lorem ipsum dolor sit amet.<\/span>[\/vc_column_text][vc_btn title=\u00a0\u00bbJetzt beraten lassen\u00a0\u00bb link=\u00a0\u00bburl:https%3A%2F%2Fwww.tyre-world.de%2F%3Fpage_id%3D2|title:Beispiel-Seite\u00a0\u00bb][\/vc_column_inner][vc_column_inner width=\u00a0\u00bb1\/2&Prime;][\/vc_column_inner][\/vc_row_inner][vc_empty_space height=\u00a0\u00bb130px\u00a0\u00bb][\/vc_column][\/vc_row][vc_row full_width=\u00a0\u00bbstretch_row\u00a0\u00bb css=\u00a0\u00bb.vc_custom_1645173525944{background-color: #f2f2f2 !important;}\u00a0\u00bb][vc_column][vc_empty_space height=\u00a0\u00bb50px\u00a0\u00bb][vc_row_inner][vc_column_inner][vc_column_text el_class=\u00a0\u00bbcenter\u00a0\u00bb]<\/p>\n<h4 class=\"headline headline-sub\" style=\"text-align: center;\">Vos b\u00e9n\u00e9fices<\/h4>\n<h3 class=\"headline headline-2\" style=\"text-align: center;\">Les avantages de l&rsquo;utilisation de notre boutique en un coup d&rsquo;\u0153il:<\/h3>\n<p>[\/vc_column_text][\/vc_column_inner][\/vc_row_inner][vc_row_inner equal_height=\u00a0\u00bbyes\u00a0\u00bb el_class=\u00a0\u00bbvis-teaserbox_container\u00a0\u00bb][vc_column_inner el_class=\u00a0\u00bbvis-teaserbox\u00a0\u00bb width=\u00a0\u00bb1\/3&Prime; css=\u00a0\u00bb.vc_custom_1636717400922{background-color: #ffffff !important;}\u00a0\u00bb][vc_single_image image=\u00a0\u00bb115&Prime; img_size=\u00a0\u00bbfull\u00a0\u00bb onclick=\u00a0\u00bbcustom_link\u00a0\u00bb css_animation=\u00a0\u00bbfadeIn\u00a0\u00bb link=\u00a0\u00bb#\u00a0\u00bb][vc_column_text]<\/p>\n<h4 class=\"headline headline-4\">Automatiser les processus<\/h4>\n<p>La transmission automatique des fichiers de commande r\u00e9duit le taux d&rsquo;erreur.[\/vc_column_text][vc_btn title=\u00a0\u00bbEn savoir plus\u00a0\u00bb link=\u00a0\u00bburl:https%3A%2F%2Ftyre-world.de%2Ffr%2Finnovation%2F|title:Automatisierung\u00a0\u00bb][\/vc_column_inner][vc_column_inner el_class=\u00a0\u00bbvis-teaserbox\u00a0\u00bb width=\u00a0\u00bb1\/3&Prime; css=\u00a0\u00bb.vc_custom_1636718213270{background-color: #ffffff !important;}\u00a0\u00bb][vc_single_image image=\u00a0\u00bb136&Prime; img_size=\u00a0\u00bbfull\u00a0\u00bb onclick=\u00a0\u00bbcustom_link\u00a0\u00bb css_animation=\u00a0\u00bbfadeIn\u00a0\u00bb link=\u00a0\u00bb#\u00a0\u00bb][vc_column_text]<\/p>\n<h4 class=\"headline headline-4\">Frais d&rsquo;exp\u00e9dition<\/h4>\n<p>Frais d&rsquo;exp\u00e9dition adapt\u00e9s pour tous les pays ayant des conditions particuli\u00e8res.[\/vc_column_text][vc_btn title=\u00a0\u00bbEn savoir plus\u00a0\u00bb link=\u00a0\u00bburl:https%3A%2F%2Ftyre-world.de%2Ffr%2Ffrais-dexpedition%2F|title:Versandkosten\u00a0\u00bb][\/vc_column_inner][vc_column_inner el_class=\u00a0\u00bbvis-teaserbox\u00a0\u00bb width=\u00a0\u00bb1\/3&Prime; css=\u00a0\u00bb.vc_custom_1636718218592{background-color: #ffffff !important;}\u00a0\u00bb][vc_single_image image=\u00a0\u00bb137&Prime; img_size=\u00a0\u00bbfull\u00a0\u00bb onclick=\u00a0\u00bbcustom_link\u00a0\u00bb css_animation=\u00a0\u00bbfadeIn\u00a0\u00bb link=\u00a0\u00bb#\u00a0\u00bb][vc_column_text]<\/p>\n<h4 class=\"headline headline-4\">Boutique en ligne<\/h4>\n<p>Commandes sans surtaxe des portails.[\/vc_column_text][vc_btn title=\u00a0\u00bbEn savoir plus\u00a0\u00bb link=\u00a0\u00bburl:https%3A%2F%2Ftyreworld.tyresoft.eu%2Fb2b%2F|title:Shop-Seite|target:_blank\u00a0\u00bb][\/vc_column_inner][\/vc_row_inner][vc_empty_space height=\u00a0\u00bb70px\u00a0\u00bb][\/vc_column][\/vc_row][vc_row full_width=\u00a0\u00bbstretch_row\u00a0\u00bb css=\u00a0\u00bb.vc_custom_1649331016635{background-image: url(https:\/\/tyre-world.de\/wp-content\/uploads\/2021\/11\/tyre_cta_02.jpg?id=735) !important;background-position: center !important;background-repeat: no-repeat !important;background-size: cover !important;}\u00a0\u00bb][vc_column][vc_empty_space height=\u00a0\u00bb40px\u00a0\u00bb][vc_row_inner][vc_column_inner width=\u00a0\u00bb1\/2&Prime;][\/vc_column_inner][vc_column_inner width=\u00a0\u00bb1\/2&Prime;][vc_column_text css=\u00a0\u00bb.vc_custom_1649330104459{margin-bottom: 0px !important;}\u00a0\u00bb el_class=\u00a0\u00bbfont-white\u00a0\u00bb]<\/p>\n<h4 class=\"headline headline-sub\">Personne de contact<\/h4>\n<p><strong>Devenir membre du r\u00e9seau<\/strong><\/p>\n<p>Si vous souhaitez \u00e9galement utiliser les services de notre boutique, veuillez nous contacter \u00e0 l&rsquo;adresse suivante:[\/vc_column_text][vc_raw_html]JTVCdGVzdGltb25pYWxzJTVE[\/vc_raw_html][\/vc_column_inner][\/vc_row_inner][vc_empty_space height=\u00a0\u00bb40px\u00a0\u00bb][\/vc_column][\/vc_row][vc_row][vc_column][vc_empty_space height=\u00a0\u00bb40px\u00a0\u00bb][vc_row_inner][vc_column_inner width=\u00a0\u00bb1\/2&Prime;][vc_column_text]<\/p>\n<h4 class=\"headline headline-sub\">Contact<\/h4>\n<h3 class=\"headline headline-2\">Pour les demandes individuelles:<\/h3>\n<p>Le formulaire de contact est uniquement destin\u00e9 aux questions adress\u00e9es \u00e0 notre \u00e9quipe apr\u00e8s-vente.<br \/>\nPour toute autre demande, vous pouvez utiliser la zone de contact d\u00e9crite ci-dessous. [\/vc_column_text][vc_column_text]<strong class=\"red\">B. Fuhrmann Einzelhandel GmbH<\/strong><br \/>\nBrennaborstr. 10<br \/>\n44149 Dortmund<br \/>\nDeutschland[\/vc_column_text][vc_raw_html el_class=\u00a0\u00bbvis-contactbox_container\u00a0\u00bb]JTNDZGl2JTIwY2xhc3MlM0QlMjJ2aXMtY29udGFjdGJveCUyMHZpcy02JTIyJTNFJTBBJTIwJTIwJTIwJTIwJTNDZGl2JTIwY2xhc3MlM0QlMjJ2aXMtY29udGFjdGJveF9pbm5lciUyMiUzRSUwQSUyMCUyMCUyMCUyMCUyMCUyMCUyMCUyMCUzQ2g0JTIwY2xhc3MlM0QlMjJoZWFkbGluZSUyMGhlYWRsaW5lLTQlMjByZWQlMjIlM0VDb25hdGN0JTNDJTJGaDQlM0UlMEElMjAlMjAlMjAlMjAlMjAlMjAlMjAlMjAlM0N1bCUzRSUwQSUyMCUyMCUyMCUyMCUyMCUyMCUyMCUyMCUyMCUyMCUyMCUyMCUzQ2xpJTNFJTNDYSUyMGhyZWYlM0QlMjJ0ZWwlM0ElMkI0OTIzMTQyNTc3NDY2JTIyJTNFJTNDaSUyMGNsYXNzJTNEJTIyZmEtc29saWQlMjBmYS1waG9uZS12b2x1bWUlMjIlM0UlM0MlMkZpJTNFJTJCNDklMjAlMjgwJTI5MjMxJTIwNDI1JTIwNzc0JTIwNjYlM0MlMkZhJTNFJTNDJTJGbGklM0UlMEElMjAlMjAlMjAlMjAlMjAlMjAlMjAlMjAlMjAlMjAlMjAlMjAlM0NsaSUzRSUzQ2ElMjBocmVmJTNEJTIybWFpbHRvJTNBYmVzdGVsbHVuZyU0MHR5cmUtd29ybGQuZGUlMjIlM0UlM0NpJTIwY2xhc3MlM0QlMjJmYS1yZWd1bGFyJTIwZmEtZW52ZWxvcGUlMjIlM0UlM0MlMkZpJTNFYmVzdGVsbHVuZyU0MHR5cmUtd29ybGQuZGUlM0MlMkZhJTNFJTNDJTJGbGklM0UlMEElMjAlMjAlMjAlMjAlMjAlMjAlMjAlMjAlM0MlMkZ1bCUzRSUwQSUyMCUyMCUyMCUyMCUzQyUyRmRpdiUzRSUwQSUzQyUyRmRpdiUzRSUwQSUwQSUzQ2RpdiUyMGNsYXNzJTNEJTIydmlzLWNvbnRhY3Rib3glMjB2aXMtNiUyMiUzRSUwQSUyMCUyMCUyMCUyMCUzQ2RpdiUyMGNsYXNzJTNEJTIydmlzLWNvbnRhY3Rib3hfaW5uZXIlMjIlM0UlMEElMjAlMjAlMjAlMjAlMjAlMjAlMjAlMjAlM0NoNCUyMGNsYXNzJTNEJTIyaGVhZGxpbmUlMjBoZWFkbGluZS00JTIwcmVkJTIyJTNFaGV1cmVzJTIwZCUyN291dmVydHVyZSUzQyUyRmg0JTNFJTBBJTIwJTIwJTIwJTIwJTIwJTIwJTIwJTIwJTNDdWwlM0UlMEElMjAlMjAlMjAlMjAlMjAlMjAlMjAlMjAlMjAlMjAlMjAlMjAlM0NsaSUzRSUwQSUyMCUyMCUyMCUyMCUyMCUyMCUyMCUyMCUyMCUyMCUyMCUyMCUyMCUyMCUyMCUyMCUzQ3N0cm9uZyUzRUx1JTIwZHUlMjBWRSUzQSUzQyUyRnN0cm9uZyUzRSUwQSUyMCUyMCUyMCUyMCUyMCUyMCUyMCUyMCUyMCUyMCUyMCUyMCUyMCUyMCUyMCUyMCUzQ3NwYW4lM0U4aDAwJTIwLSUyMDE3aDAwJTNDJTJGc3BhbiUzRSUwQSUyMCUyMCUyMCUyMCUyMCUyMCUyMCUyMCUyMCUyMCUyMCUyMCUzQyUyRmxpJTNFJTBBJTIwJTIwJTIwJTIwJTIwJTIwJTIwJTIwJTIwJTIwJTIwJTIwJTNDbGklM0UlMEElMjAlMjAlMjAlMjAlMjAlMjAlMjAlMjAlMjAlMjAlMjAlMjAlMjAlMjAlMjAlMjAlM0NzdHJvbmclM0VTYW1lZGklM0ElM0MlMkZzdHJvbmclM0UlMEElMjAlMjAlMjAlMjAlMjAlMjAlMjAlMjAlMjAlMjAlMjAlMjAlMjAlMjAlMjAlMjAlM0NzcGFuJTNFZmVybSVDMyVBOSUzQyUyRnNwYW4lM0UlMEElMjAlMjAlMjAlMjAlMjAlMjAlMjAlMjAlMjAlMjAlMjAlMjAlM0MlMkZsaSUzRSUwQSUyMCUyMCUyMCUyMCUyMCUyMCUyMCUyMCUzQyUyRnVsJTNFJTBBJTIwJTIwJTIwJTIwJTNDJTJGZGl2JTNFJTBBJTNDJTJGZGl2JTNF[\/vc_raw_html][\/vc_column_inner][vc_column_inner width=\u00a0\u00bb1\/2&Prime;][vc_empty_space height=\u00a0\u00bb50px\u00a0\u00bb][vc_raw_html]JTVCY29udGFjdC1mb3JtLTclMjBpZCUzRCUyMjEwOTElMjIlMjB0aXRsZSUzRCUyMkZvcm11bGFpcmUlMjBkZSUyMGNvbnRhY3QlMjIlNUQ=[\/vc_raw_html][\/vc_column_inner][\/vc_row_inner][vc_empty_space height=\u00a0\u00bb40px\u00a0\u00bb][\/vc_column][\/vc_row]<\/p>\n<\/div>","protected":false},"excerpt":{"rendered":"<p>[vc_row full_width=\u00a0\u00bbstretch_row\u00a0\u00bb][vc_column][vc_empty_space height=\u00a0\u00bb80px\u00a0\u00bb][vc_row_inner equal_height=\u00a0\u00bbyes\u00a0\u00bb][vc_column_inner width=\u00a0\u00bb1\/2&Prime;][vc_column_text css=\u00a0\u00bb.vc_custom_1649326697626{padding-right: 30px !important;padding-left: 30px !important;}\u00a0\u00bb el_class=\u00a0\u00bbtextright\u00a0\u00bb] Vos b\u00e9n\u00e9fices un stock de pneus d&rsquo;environ 100 000 pneus diff\u00e9rentes marques disponibles imm\u00e9diatement temps de r\u00e9action rapide aux demandes bonne accessibilit\u00e9 gr\u00e2ce \u00e0 la liaison autorouti\u00e8re Le commerce de gros de Dortmund est facilement accessible gr\u00e2ce \u00e0 sa situation centrale et \u00e0 l&rsquo;acc\u00e8s [&hellip;]<\/p>\n","protected":false},"author":1,"featured_media":0,"parent":0,"menu_order":0,"comment_status":"closed","ping_status":"closed","template":"","meta":{"_acf_changed":false,"inline_featured_image":false,"footnotes":""},"class_list":["post-1085","page","type-page","status-publish","hentry"],"acf":[],"yoast_head":"<!-- This site is optimized with the Yoast SEO plugin v26.9 - https:\/\/yoast.com\/product\/yoast-seo-wordpress\/ -->\n<title>Accueil - Tyreworld<\/title>\n<meta name=\"robots\" content=\"index, follow, max-snippet:-1, max-image-preview:large, max-video-preview:-1\" \/>\n<link rel=\"canonical\" href=\"https:\/\/tyre-world.de\/fr\/\" \/>\n<meta property=\"og:locale\" content=\"fr_FR\" \/>\n<meta property=\"og:type\" content=\"article\" \/>\n<meta property=\"og:title\" content=\"Accueil - Tyreworld\" \/>\n<meta property=\"og:description\" content=\"[vc_row full_width=\u00a0\u00bbstretch_row\u00a0\u00bb][vc_column][vc_empty_space height=\u00a0\u00bb80px\u00a0\u00bb][vc_row_inner equal_height=\u00a0\u00bbyes\u00a0\u00bb][vc_column_inner width=\u00a0\u00bb1\/2&Prime;][vc_column_text css=\u00a0\u00bb.vc_custom_1649326697626{padding-right: 30px !important;padding-left: 30px !important;}\u00a0\u00bb el_class=\u00a0\u00bbtextright\u00a0\u00bb] Vos b\u00e9n\u00e9fices un stock de pneus d&rsquo;environ 100 000 pneus diff\u00e9rentes marques disponibles imm\u00e9diatement temps de r\u00e9action rapide aux demandes bonne accessibilit\u00e9 gr\u00e2ce \u00e0 la liaison autorouti\u00e8re Le commerce de gros de Dortmund est facilement accessible gr\u00e2ce \u00e0 sa situation centrale et \u00e0 l&rsquo;acc\u00e8s [&hellip;]\" \/>\n<meta property=\"og:url\" content=\"https:\/\/tyre-world.de\/fr\/\" \/>\n<meta property=\"og:site_name\" content=\"Tyreworld\" \/>\n<meta property=\"article:modified_time\" content=\"2023-04-18T09:29:22+00:00\" \/>\n<meta name=\"twitter:card\" content=\"summary_large_image\" \/>\n<meta name=\"twitter:label1\" content=\"Dur\u00e9e de lecture estim\u00e9e\" \/>\n\t<meta name=\"twitter:data1\" content=\"8 minutes\" \/>\n<script type=\"application\/ld+json\" class=\"yoast-schema-graph\">{\"@context\":\"https:\/\/schema.org\",\"@graph\":[{\"@type\":\"WebPage\",\"@id\":\"https:\/\/tyre-world.de\/fr\/\",\"url\":\"https:\/\/tyre-world.de\/fr\/\",\"name\":\"Accueil - Tyreworld\",\"isPartOf\":{\"@id\":\"https:\/\/tyre-world.de\/#website\"},\"datePublished\":\"2021-11-05T14:07:46+00:00\",\"dateModified\":\"2023-04-18T09:29:22+00:00\",\"breadcrumb\":{\"@id\":\"https:\/\/tyre-world.de\/fr\/#breadcrumb\"},\"inLanguage\":\"fr-FR\",\"potentialAction\":[{\"@type\":\"ReadAction\",\"target\":[\"https:\/\/tyre-world.de\/fr\/\"]}]},{\"@type\":\"BreadcrumbList\",\"@id\":\"https:\/\/tyre-world.de\/fr\/#breadcrumb\",\"itemListElement\":[{\"@type\":\"ListItem\",\"position\":1,\"name\":\"Startseite\",\"item\":\"https:\/\/tyre-world.de\/fr\/\"},{\"@type\":\"ListItem\",\"position\":2,\"name\":\"Accueil\"}]},{\"@type\":\"WebSite\",\"@id\":\"https:\/\/tyre-world.de\/#website\",\"url\":\"https:\/\/tyre-world.de\/\",\"name\":\"Tyreworld\",\"description\":\"\",\"publisher\":{\"@id\":\"https:\/\/tyre-world.de\/#organization\"},\"potentialAction\":[{\"@type\":\"SearchAction\",\"target\":{\"@type\":\"EntryPoint\",\"urlTemplate\":\"https:\/\/tyre-world.de\/?s={search_term_string}\"},\"query-input\":{\"@type\":\"PropertyValueSpecification\",\"valueRequired\":true,\"valueName\":\"search_term_string\"}}],\"inLanguage\":\"fr-FR\"},{\"@type\":\"Organization\",\"@id\":\"https:\/\/tyre-world.de\/#organization\",\"name\":\"Tyreworld\",\"url\":\"https:\/\/tyre-world.de\/\",\"logo\":{\"@type\":\"ImageObject\",\"inLanguage\":\"fr-FR\",\"@id\":\"https:\/\/tyre-world.de\/#\/schema\/logo\/image\/\",\"url\":\"https:\/\/tyre-world.de\/wp-content\/uploads\/2022\/07\/cropped-cropped-TW-Logo-png.png\",\"contentUrl\":\"https:\/\/tyre-world.de\/wp-content\/uploads\/2022\/07\/cropped-cropped-TW-Logo-png.png\",\"width\":443,\"height\":64,\"caption\":\"Tyreworld\"},\"image\":{\"@id\":\"https:\/\/tyre-world.de\/#\/schema\/logo\/image\/\"}}]}<\/script>\n<!-- \/ Yoast SEO plugin. -->","yoast_head_json":{"title":"Accueil - Tyreworld","robots":{"index":"index","follow":"follow","max-snippet":"max-snippet:-1","max-image-preview":"max-image-preview:large","max-video-preview":"max-video-preview:-1"},"canonical":"https:\/\/tyre-world.de\/fr\/","og_locale":"fr_FR","og_type":"article","og_title":"Accueil - Tyreworld","og_description":"[vc_row full_width=\u00a0\u00bbstretch_row\u00a0\u00bb][vc_column][vc_empty_space height=\u00a0\u00bb80px\u00a0\u00bb][vc_row_inner equal_height=\u00a0\u00bbyes\u00a0\u00bb][vc_column_inner width=\u00a0\u00bb1\/2&Prime;][vc_column_text css=\u00a0\u00bb.vc_custom_1649326697626{padding-right: 30px !important;padding-left: 30px !important;}\u00a0\u00bb el_class=\u00a0\u00bbtextright\u00a0\u00bb] Vos b\u00e9n\u00e9fices un stock de pneus d&rsquo;environ 100 000 pneus diff\u00e9rentes marques disponibles imm\u00e9diatement temps de r\u00e9action rapide aux demandes bonne accessibilit\u00e9 gr\u00e2ce \u00e0 la liaison autorouti\u00e8re Le commerce de gros de Dortmund est facilement accessible gr\u00e2ce \u00e0 sa situation centrale et \u00e0 l&rsquo;acc\u00e8s [&hellip;]","og_url":"https:\/\/tyre-world.de\/fr\/","og_site_name":"Tyreworld","article_modified_time":"2023-04-18T09:29:22+00:00","twitter_card":"summary_large_image","twitter_misc":{"Dur\u00e9e de lecture estim\u00e9e":"8 minutes"},"schema":{"@context":"https:\/\/schema.org","@graph":[{"@type":"WebPage","@id":"https:\/\/tyre-world.de\/fr\/","url":"https:\/\/tyre-world.de\/fr\/","name":"Accueil - Tyreworld","isPartOf":{"@id":"https:\/\/tyre-world.de\/#website"},"datePublished":"2021-11-05T14:07:46+00:00","dateModified":"2023-04-18T09:29:22+00:00","breadcrumb":{"@id":"https:\/\/tyre-world.de\/fr\/#breadcrumb"},"inLanguage":"fr-FR","potentialAction":[{"@type":"ReadAction","target":["https:\/\/tyre-world.de\/fr\/"]}]},{"@type":"BreadcrumbList","@id":"https:\/\/tyre-world.de\/fr\/#breadcrumb","itemListElement":[{"@type":"ListItem","position":1,"name":"Startseite","item":"https:\/\/tyre-world.de\/fr\/"},{"@type":"ListItem","position":2,"name":"Accueil"}]},{"@type":"WebSite","@id":"https:\/\/tyre-world.de\/#website","url":"https:\/\/tyre-world.de\/","name":"Tyreworld","description":"","publisher":{"@id":"https:\/\/tyre-world.de\/#organization"},"potentialAction":[{"@type":"SearchAction","target":{"@type":"EntryPoint","urlTemplate":"https:\/\/tyre-world.de\/?s={search_term_string}"},"query-input":{"@type":"PropertyValueSpecification","valueRequired":true,"valueName":"search_term_string"}}],"inLanguage":"fr-FR"},{"@type":"Organization","@id":"https:\/\/tyre-world.de\/#organization","name":"Tyreworld","url":"https:\/\/tyre-world.de\/","logo":{"@type":"ImageObject","inLanguage":"fr-FR","@id":"https:\/\/tyre-world.de\/#\/schema\/logo\/image\/","url":"https:\/\/tyre-world.de\/wp-content\/uploads\/2022\/07\/cropped-cropped-TW-Logo-png.png","contentUrl":"https:\/\/tyre-world.de\/wp-content\/uploads\/2022\/07\/cropped-cropped-TW-Logo-png.png","width":443,"height":64,"caption":"Tyreworld"},"image":{"@id":"https:\/\/tyre-world.de\/#\/schema\/logo\/image\/"}}]}},"_links":{"self":[{"href":"https:\/\/tyre-world.de\/fr\/wp-json\/wp\/v2\/pages\/1085","targetHints":{"allow":["GET"]}}],"collection":[{"href":"https:\/\/tyre-world.de\/fr\/wp-json\/wp\/v2\/pages"}],"about":[{"href":"https:\/\/tyre-world.de\/fr\/wp-json\/wp\/v2\/types\/page"}],"author":[{"embeddable":true,"href":"https:\/\/tyre-world.de\/fr\/wp-json\/wp\/v2\/users\/1"}],"replies":[{"embeddable":true,"href":"https:\/\/tyre-world.de\/fr\/wp-json\/wp\/v2\/comments?post=1085"}],"version-history":[{"count":4,"href":"https:\/\/tyre-world.de\/fr\/wp-json\/wp\/v2\/pages\/1085\/revisions"}],"predecessor-version":[{"id":1442,"href":"https:\/\/tyre-world.de\/fr\/wp-json\/wp\/v2\/pages\/1085\/revisions\/1442"}],"wp:attachment":[{"href":"https:\/\/tyre-world.de\/fr\/wp-json\/wp\/v2\/media?parent=1085"}],"curies":[{"name":"wp","href":"https:\/\/api.w.org\/{rel}","templated":true}]}}