{"id":1685,"date":"2024-11-13T15:50:26","date_gmt":"2024-11-13T14:50:26","guid":{"rendered":"https:\/\/tyre-world.de\/?page_id=1685"},"modified":"2024-11-13T16:51:17","modified_gmt":"2024-11-13T15:51:17","slug":"yokohama","status":"publish","type":"page","link":"https:\/\/tyre-world.de\/fr\/yokohama\/","title":{"rendered":"Yokohama Reifen \u2013 Qualit\u00e4t und Leistung f\u00fcr jede Jahreszeit"},"content":{"rendered":"<div class=\"wpb-content-wrapper\"><p>[vc_section][vc_row full_width=\u00a0\u00bbstretch_row\u00a0\u00bb css=\u00a0\u00bb.vc_custom_1731511646586{background-color: #FFFFFF !important;}\u00a0\u00bb][vc_column][vc_empty_space height=\u00a0\u00bb25px\u00a0\u00bb][vc_row_inner][vc_column_inner][vc_column_text css=\u00a0\u00bb\u00a0\u00bb]<\/p>\n<h2 class=\"headline headline-sub\">Yokohama Reifen \u2013 Qualit\u00e4t und Leistung f\u00fcr jede Jahreszeit<\/h2>\n<p>[\/vc_column_text][\/vc_column_inner][\/vc_row_inner][vc_row_inner][vc_column_inner][vc_single_image image=\u00a0\u00bb1698&Prime; img_size=\u00a0\u00bbfull\u00a0\u00bb css=\u00a0\u00bb\u00a0\u00bb][vc_empty_space][\/vc_column_inner][\/vc_row_inner][\/vc_column][\/vc_row][vc_row full_width=\u00a0\u00bbstretch_row\u00a0\u00bb css=\u00a0\u00bb.vc_custom_1731511609225{background-color: #F2F2F2 !important;}\u00a0\u00bb][vc_column][vc_empty_space][vc_row_inner][vc_column_inner width=\u00a0\u00bb1\/2&Prime;][vc_single_image image=\u00a0\u00bb1686&Prime; img_size=\u00a0\u00bblarge\u00a0\u00bb alignment=\u00a0\u00bbcenter\u00a0\u00bb css=\u00a0\u00bb\u00a0\u00bb][\/vc_column_inner][vc_column_inner width=\u00a0\u00bb1\/2&Prime;][vc_column_text css=\u00a0\u00bb\u00a0\u00bb]<strong>Yokohama \u2013 Ihr Partner f\u00fcr hochwertige Reifen<\/strong><\/p>\n<p>Wir sind stolz darauf, unseren Kunden mit Yokohama eine weltweit f\u00fchrende Reifenmarke anbieten zu k\u00f6nnen. Yokohama steht f\u00fcr jahrzehntelange Erfahrung und stetige Innovation in der Reifenherstellung und ist in mehr als 120 L\u00e4ndern vertreten. Das Unternehmen hat sich der h\u00f6chsten Qualit\u00e4t verschrieben und bietet eine breite Palette an Reifen, die sowohl f\u00fcr hohe Leistungsanspr\u00fcche als auch f\u00fcr den allt\u00e4glichen Einsatz konzipiert sind. Mit Reifen von Yokohama entscheiden Sie sich f\u00fcr eine Marke, die Sicherheit und Komfort kompromisslos in den Vordergrund stellt. Jedes Produkt wird mit gr\u00f6\u00dfter Pr\u00e4zision entwickelt, um Ihnen ein Fahrerlebnis zu bieten, das durch Verl\u00e4sslichkeit, Performance und exzellente Materialqualit\u00e4t \u00fcberzeugt.<\/p>\n<p>[\/vc_column_text][\/vc_column_inner][\/vc_row_inner][vc_empty_space][\/vc_column][\/vc_row][vc_row full_width=\u00a0\u00bbstretch_row\u00a0\u00bb css=\u00a0\u00bb.vc_custom_1731511653611{background-color: #FFFFFF !important;}\u00a0\u00bb][vc_column][vc_empty_space][vc_row_inner][vc_column_inner width=\u00a0\u00bb1\/2&Prime;][vc_column_text css=\u00a0\u00bb\u00a0\u00bb]<strong>Hervorragendes Preis-Leistungs-Verh\u00e4ltnis<\/strong><\/p>\n<p>Yokohama Reifen bieten Ihnen das Beste aus beiden Welten: erstklassige Qualit\u00e4t zu einem fairen und erschwinglichen Preis. Die Marke ist bekannt daf\u00fcr, langlebige Reifen zu entwickeln, die auch bei intensiver Nutzung ihre Leistung und Sicherheit \u00fcber einen langen Zeitraum behalten. Yokohama Reifen werden nach strengen Qualit\u00e4tsrichtlinien gefertigt und bieten somit ein ausgezeichnetes Preis-Leistungs-Verh\u00e4ltnis, das die Marke von vielen anderen abhebt. Ganz gleich, ob Sie einen Reifen f\u00fcr allt\u00e4gliche Fahrten oder f\u00fcr l\u00e4ngere Strecken suchen \u2013 mit Yokohama erhalten Sie Qualit\u00e4t und Zuverl\u00e4ssigkeit, ohne Ihr Budget zu belasten. Unsere Yokohama-Reifen garantieren Ihnen ein solides Fahrverhalten und geringen Verschlei\u00df und sind daher eine ausgezeichnete Wahl f\u00fcr Kostenbewusste, die keine Kompromisse bei der Qualit\u00e4t eingehen m\u00f6chten.[\/vc_column_text][\/vc_column_inner][vc_column_inner width=\u00a0\u00bb1\/2&Prime;][vc_single_image image=\u00a0\u00bb1690&Prime; img_size=\u00a0\u00bbmedium\u00a0\u00bb alignment=\u00a0\u00bbcenter\u00a0\u00bb css=\u00a0\u00bb\u00a0\u00bb][\/vc_column_inner][\/vc_row_inner][vc_empty_space][\/vc_column][\/vc_row][vc_row full_width=\u00a0\u00bbstretch_row\u00a0\u00bb css=\u00a0\u00bb.vc_custom_1731511626856{background-color: #F2F2F2 !important;}\u00a0\u00bb][vc_column][vc_empty_space][vc_row_inner][vc_column_inner width=\u00a0\u00bb1\/2&Prime;][vc_single_image image=\u00a0\u00bb1694&Prime; img_size=\u00a0\u00bblarge\u00a0\u00bb alignment=\u00a0\u00bbcenter\u00a0\u00bb css=\u00a0\u00bb\u00a0\u00bb][\/vc_column_inner][vc_column_inner width=\u00a0\u00bb1\/2&Prime;][vc_column_text css=\u00a0\u00bb\u00a0\u00bb]<strong>Reifen f\u00fcr jede Jahreszeit<\/strong><\/p>\n<p>Ganz gleich, welche Wetterbedingungen herrschen \u2013 Yokohama hat den passenden Reifen f\u00fcr jede Saison. Wir bieten ein umfassendes Sortiment an Sommerreifen, die f\u00fcr optimale Haftung auf hei\u00dfen, trockenen Stra\u00dfen ausgelegt sind. Ihre spezielle Gummimischung sorgt f\u00fcr ein stabiles, sicheres Fahrverhalten, auch bei hohen Temperaturen. Im Winter sind Sie mit den Winterreifen von Yokohama bestens ger\u00fcstet: Diese sind speziell f\u00fcr kalte, nasse und schneebedeckte Stra\u00dfen konzipiert und bieten dank ihrer speziellen Profilierung und Gummimischung maximale Sicherheit. F\u00fcr alle, die das ganze Jahr \u00fcber flexibel bleiben m\u00f6chten, gibt es die Allwetterreifen von Yokohama. Diese Reifen vereinen die Vorteile von Sommer- und Winterreifen und bieten Ihnen eine praktische L\u00f6sung, um bei jeder Wetterlage sicher unterwegs zu sein, ohne regelm\u00e4\u00dfig den Reifen wechseln zu m\u00fcssen.[\/vc_column_text][\/vc_column_inner][\/vc_row_inner][vc_empty_space][\/vc_column][\/vc_row][\/vc_section][vc_row][vc_column][vc_empty_space][vc_row_inner][vc_column_inner][vc_column_text css=\u00a0\u00bb\u00a0\u00bb]<\/p>\n<h4 class=\"headline headline-sub\">Hier gehts zu unseren Blog-Beitr\u00e4gen<\/h4>\n<p>[\/vc_column_text][vc_btn title=\u00a0\u00bbzu unseren Blog-Beitr\u00e4gen\u00a0\u00bb css=\u00a0\u00bb\u00a0\u00bb link=\u00a0\u00bburl:https%3A%2F%2Ftyre-world.de%2Fblog-beitraege%2F|title:https%3A%2F%2Ftyre-world.de%2Fblog-beitraege%2F|target:_blank\u00a0\u00bb][vc_empty_space][\/vc_column_inner][\/vc_row_inner][\/vc_column][\/vc_row]<\/p>\n<\/div>","protected":false},"excerpt":{"rendered":"<p>[vc_section][vc_row full_width=\u00a0\u00bbstretch_row\u00a0\u00bb css=\u00a0\u00bb.vc_custom_1731511646586{background-color: #FFFFFF !important;}\u00a0\u00bb][vc_column][vc_empty_space height=\u00a0\u00bb25px\u00a0\u00bb][vc_row_inner][vc_column_inner][vc_column_text css=\u00a0\u00bb\u00a0\u00bb] Yokohama Reifen \u2013 Qualit\u00e4t und Leistung f\u00fcr jede Jahreszeit [\/vc_column_text][\/vc_column_inner][\/vc_row_inner][vc_row_inner][vc_column_inner][vc_single_image image=\u00a0\u00bb1698&Prime; img_size=\u00a0\u00bbfull\u00a0\u00bb css=\u00a0\u00bb\u00a0\u00bb][vc_empty_space][\/vc_column_inner][\/vc_row_inner][\/vc_column][\/vc_row][vc_row full_width=\u00a0\u00bbstretch_row\u00a0\u00bb css=\u00a0\u00bb.vc_custom_1731511609225{background-color: #F2F2F2 !important;}\u00a0\u00bb][vc_column][vc_empty_space][vc_row_inner][vc_column_inner width=\u00a0\u00bb1\/2&Prime;][vc_single_image image=\u00a0\u00bb1686&Prime; img_size=\u00a0\u00bblarge\u00a0\u00bb alignment=\u00a0\u00bbcenter\u00a0\u00bb css=\u00a0\u00bb\u00a0\u00bb][\/vc_column_inner][vc_column_inner width=\u00a0\u00bb1\/2&Prime;][vc_column_text css=\u00a0\u00bb\u00a0\u00bb]Yokohama \u2013 Ihr Partner f\u00fcr hochwertige Reifen Wir sind stolz darauf, unseren Kunden mit Yokohama eine weltweit f\u00fchrende Reifenmarke anbieten zu k\u00f6nnen. Yokohama steht f\u00fcr [&hellip;]<\/p>\n","protected":false},"author":1,"featured_media":0,"parent":0,"menu_order":0,"comment_status":"closed","ping_status":"closed","template":"","meta":{"_acf_changed":false,"inline_featured_image":false,"footnotes":""},"class_list":["post-1685","page","type-page","status-publish","hentry"],"acf":[],"yoast_head":"<!-- This site is optimized with the Yoast SEO plugin v26.9 - https:\/\/yoast.com\/product\/yoast-seo-wordpress\/ -->\n<title>Yokohama Reifen \u2013 Qualit\u00e4t und Leistung f\u00fcr jede Jahreszeit - Tyreworld<\/title>\n<meta name=\"robots\" content=\"index, follow, max-snippet:-1, max-image-preview:large, max-video-preview:-1\" \/>\n<link rel=\"canonical\" href=\"https:\/\/tyre-world.de\/yokohama\/\" \/>\n<meta property=\"og:locale\" content=\"fr_FR\" \/>\n<meta property=\"og:type\" content=\"article\" \/>\n<meta property=\"og:title\" content=\"Yokohama Reifen \u2013 Qualit\u00e4t und Leistung f\u00fcr jede Jahreszeit - Tyreworld\" \/>\n<meta property=\"og:description\" content=\"[vc_section][vc_row full_width=\u00a0\u00bbstretch_row\u00a0\u00bb css=\u00a0\u00bb.vc_custom_1731511646586{background-color: #FFFFFF !important;}\u00a0\u00bb][vc_column][vc_empty_space height=\u00a0\u00bb25px\u00a0\u00bb][vc_row_inner][vc_column_inner][vc_column_text css=\u00a0\u00bb\u00a0\u00bb] Yokohama Reifen \u2013 Qualit\u00e4t und Leistung f\u00fcr jede Jahreszeit [\/vc_column_text][\/vc_column_inner][\/vc_row_inner][vc_row_inner][vc_column_inner][vc_single_image image=\u00a0\u00bb1698&Prime; img_size=\u00a0\u00bbfull\u00a0\u00bb css=\u00a0\u00bb\u00a0\u00bb][vc_empty_space][\/vc_column_inner][\/vc_row_inner][\/vc_column][\/vc_row][vc_row full_width=\u00a0\u00bbstretch_row\u00a0\u00bb css=\u00a0\u00bb.vc_custom_1731511609225{background-color: #F2F2F2 !important;}\u00a0\u00bb][vc_column][vc_empty_space][vc_row_inner][vc_column_inner width=\u00a0\u00bb1\/2&Prime;][vc_single_image image=\u00a0\u00bb1686&Prime; img_size=\u00a0\u00bblarge\u00a0\u00bb alignment=\u00a0\u00bbcenter\u00a0\u00bb css=\u00a0\u00bb\u00a0\u00bb][\/vc_column_inner][vc_column_inner width=\u00a0\u00bb1\/2&Prime;][vc_column_text css=\u00a0\u00bb\u00a0\u00bb]Yokohama \u2013 Ihr Partner f\u00fcr hochwertige Reifen Wir sind stolz darauf, unseren Kunden mit Yokohama eine weltweit f\u00fchrende Reifenmarke anbieten zu k\u00f6nnen. Yokohama steht f\u00fcr [&hellip;]\" \/>\n<meta property=\"og:url\" content=\"https:\/\/tyre-world.de\/yokohama\/\" \/>\n<meta property=\"og:site_name\" content=\"Tyreworld\" \/>\n<meta property=\"article:modified_time\" content=\"2024-11-13T15:51:17+00:00\" \/>\n<meta name=\"twitter:card\" content=\"summary_large_image\" \/>\n<meta name=\"twitter:label1\" content=\"Dur\u00e9e de lecture estim\u00e9e\" \/>\n\t<meta name=\"twitter:data1\" content=\"4 minutes\" \/>\n<script type=\"application\/ld+json\" class=\"yoast-schema-graph\">{\"@context\":\"https:\/\/schema.org\",\"@graph\":[{\"@type\":\"WebPage\",\"@id\":\"https:\/\/tyre-world.de\/yokohama\/\",\"url\":\"https:\/\/tyre-world.de\/yokohama\/\",\"name\":\"Yokohama Reifen \u2013 Qualit\u00e4t und Leistung f\u00fcr jede Jahreszeit - Tyreworld\",\"isPartOf\":{\"@id\":\"https:\/\/tyre-world.de\/#website\"},\"datePublished\":\"2024-11-13T14:50:26+00:00\",\"dateModified\":\"2024-11-13T15:51:17+00:00\",\"breadcrumb\":{\"@id\":\"https:\/\/tyre-world.de\/yokohama\/#breadcrumb\"},\"inLanguage\":\"fr-FR\",\"potentialAction\":[{\"@type\":\"ReadAction\",\"target\":[\"https:\/\/tyre-world.de\/yokohama\/\"]}]},{\"@type\":\"BreadcrumbList\",\"@id\":\"https:\/\/tyre-world.de\/yokohama\/#breadcrumb\",\"itemListElement\":[{\"@type\":\"ListItem\",\"position\":1,\"name\":\"Startseite\",\"item\":\"https:\/\/tyre-world.de\/fr\/\"},{\"@type\":\"ListItem\",\"position\":2,\"name\":\"Yokohama Reifen \u2013 Qualit\u00e4t und Leistung f\u00fcr jede Jahreszeit\"}]},{\"@type\":\"WebSite\",\"@id\":\"https:\/\/tyre-world.de\/#website\",\"url\":\"https:\/\/tyre-world.de\/\",\"name\":\"Tyreworld\",\"description\":\"\",\"publisher\":{\"@id\":\"https:\/\/tyre-world.de\/#organization\"},\"potentialAction\":[{\"@type\":\"SearchAction\",\"target\":{\"@type\":\"EntryPoint\",\"urlTemplate\":\"https:\/\/tyre-world.de\/?s={search_term_string}\"},\"query-input\":{\"@type\":\"PropertyValueSpecification\",\"valueRequired\":true,\"valueName\":\"search_term_string\"}}],\"inLanguage\":\"fr-FR\"},{\"@type\":\"Organization\",\"@id\":\"https:\/\/tyre-world.de\/#organization\",\"name\":\"Tyreworld\",\"url\":\"https:\/\/tyre-world.de\/\",\"logo\":{\"@type\":\"ImageObject\",\"inLanguage\":\"fr-FR\",\"@id\":\"https:\/\/tyre-world.de\/#\/schema\/logo\/image\/\",\"url\":\"https:\/\/tyre-world.de\/wp-content\/uploads\/2022\/07\/cropped-cropped-TW-Logo-png.png\",\"contentUrl\":\"https:\/\/tyre-world.de\/wp-content\/uploads\/2022\/07\/cropped-cropped-TW-Logo-png.png\",\"width\":443,\"height\":64,\"caption\":\"Tyreworld\"},\"image\":{\"@id\":\"https:\/\/tyre-world.de\/#\/schema\/logo\/image\/\"}}]}<\/script>\n<!-- \/ Yoast SEO plugin. -->","yoast_head_json":{"title":"Yokohama Reifen \u2013 Qualit\u00e4t und Leistung f\u00fcr jede Jahreszeit - Tyreworld","robots":{"index":"index","follow":"follow","max-snippet":"max-snippet:-1","max-image-preview":"max-image-preview:large","max-video-preview":"max-video-preview:-1"},"canonical":"https:\/\/tyre-world.de\/yokohama\/","og_locale":"fr_FR","og_type":"article","og_title":"Yokohama Reifen \u2013 Qualit\u00e4t und Leistung f\u00fcr jede Jahreszeit - Tyreworld","og_description":"[vc_section][vc_row full_width=\u00a0\u00bbstretch_row\u00a0\u00bb css=\u00a0\u00bb.vc_custom_1731511646586{background-color: #FFFFFF !important;}\u00a0\u00bb][vc_column][vc_empty_space height=\u00a0\u00bb25px\u00a0\u00bb][vc_row_inner][vc_column_inner][vc_column_text css=\u00a0\u00bb\u00a0\u00bb] Yokohama Reifen \u2013 Qualit\u00e4t und Leistung f\u00fcr jede Jahreszeit [\/vc_column_text][\/vc_column_inner][\/vc_row_inner][vc_row_inner][vc_column_inner][vc_single_image image=\u00a0\u00bb1698&Prime; img_size=\u00a0\u00bbfull\u00a0\u00bb css=\u00a0\u00bb\u00a0\u00bb][vc_empty_space][\/vc_column_inner][\/vc_row_inner][\/vc_column][\/vc_row][vc_row full_width=\u00a0\u00bbstretch_row\u00a0\u00bb css=\u00a0\u00bb.vc_custom_1731511609225{background-color: #F2F2F2 !important;}\u00a0\u00bb][vc_column][vc_empty_space][vc_row_inner][vc_column_inner width=\u00a0\u00bb1\/2&Prime;][vc_single_image image=\u00a0\u00bb1686&Prime; img_size=\u00a0\u00bblarge\u00a0\u00bb alignment=\u00a0\u00bbcenter\u00a0\u00bb css=\u00a0\u00bb\u00a0\u00bb][\/vc_column_inner][vc_column_inner width=\u00a0\u00bb1\/2&Prime;][vc_column_text css=\u00a0\u00bb\u00a0\u00bb]Yokohama \u2013 Ihr Partner f\u00fcr hochwertige Reifen Wir sind stolz darauf, unseren Kunden mit Yokohama eine weltweit f\u00fchrende Reifenmarke anbieten zu k\u00f6nnen. Yokohama steht f\u00fcr [&hellip;]","og_url":"https:\/\/tyre-world.de\/yokohama\/","og_site_name":"Tyreworld","article_modified_time":"2024-11-13T15:51:17+00:00","twitter_card":"summary_large_image","twitter_misc":{"Dur\u00e9e de lecture estim\u00e9e":"4 minutes"},"schema":{"@context":"https:\/\/schema.org","@graph":[{"@type":"WebPage","@id":"https:\/\/tyre-world.de\/yokohama\/","url":"https:\/\/tyre-world.de\/yokohama\/","name":"Yokohama Reifen \u2013 Qualit\u00e4t und Leistung f\u00fcr jede Jahreszeit - Tyreworld","isPartOf":{"@id":"https:\/\/tyre-world.de\/#website"},"datePublished":"2024-11-13T14:50:26+00:00","dateModified":"2024-11-13T15:51:17+00:00","breadcrumb":{"@id":"https:\/\/tyre-world.de\/yokohama\/#breadcrumb"},"inLanguage":"fr-FR","potentialAction":[{"@type":"ReadAction","target":["https:\/\/tyre-world.de\/yokohama\/"]}]},{"@type":"BreadcrumbList","@id":"https:\/\/tyre-world.de\/yokohama\/#breadcrumb","itemListElement":[{"@type":"ListItem","position":1,"name":"Startseite","item":"https:\/\/tyre-world.de\/fr\/"},{"@type":"ListItem","position":2,"name":"Yokohama Reifen \u2013 Qualit\u00e4t und Leistung f\u00fcr jede Jahreszeit"}]},{"@type":"WebSite","@id":"https:\/\/tyre-world.de\/#website","url":"https:\/\/tyre-world.de\/","name":"Tyreworld","description":"","publisher":{"@id":"https:\/\/tyre-world.de\/#organization"},"potentialAction":[{"@type":"SearchAction","target":{"@type":"EntryPoint","urlTemplate":"https:\/\/tyre-world.de\/?s={search_term_string}"},"query-input":{"@type":"PropertyValueSpecification","valueRequired":true,"valueName":"search_term_string"}}],"inLanguage":"fr-FR"},{"@type":"Organization","@id":"https:\/\/tyre-world.de\/#organization","name":"Tyreworld","url":"https:\/\/tyre-world.de\/","logo":{"@type":"ImageObject","inLanguage":"fr-FR","@id":"https:\/\/tyre-world.de\/#\/schema\/logo\/image\/","url":"https:\/\/tyre-world.de\/wp-content\/uploads\/2022\/07\/cropped-cropped-TW-Logo-png.png","contentUrl":"https:\/\/tyre-world.de\/wp-content\/uploads\/2022\/07\/cropped-cropped-TW-Logo-png.png","width":443,"height":64,"caption":"Tyreworld"},"image":{"@id":"https:\/\/tyre-world.de\/#\/schema\/logo\/image\/"}}]}},"_links":{"self":[{"href":"https:\/\/tyre-world.de\/fr\/wp-json\/wp\/v2\/pages\/1685","targetHints":{"allow":["GET"]}}],"collection":[{"href":"https:\/\/tyre-world.de\/fr\/wp-json\/wp\/v2\/pages"}],"about":[{"href":"https:\/\/tyre-world.de\/fr\/wp-json\/wp\/v2\/types\/page"}],"author":[{"embeddable":true,"href":"https:\/\/tyre-world.de\/fr\/wp-json\/wp\/v2\/users\/1"}],"replies":[{"embeddable":true,"href":"https:\/\/tyre-world.de\/fr\/wp-json\/wp\/v2\/comments?post=1685"}],"version-history":[{"count":17,"href":"https:\/\/tyre-world.de\/fr\/wp-json\/wp\/v2\/pages\/1685\/revisions"}],"predecessor-version":[{"id":1727,"href":"https:\/\/tyre-world.de\/fr\/wp-json\/wp\/v2\/pages\/1685\/revisions\/1727"}],"wp:attachment":[{"href":"https:\/\/tyre-world.de\/fr\/wp-json\/wp\/v2\/media?parent=1685"}],"curies":[{"name":"wp","href":"https:\/\/api.w.org\/{rel}","templated":true}]}}